{"id":3,"date":"2019-08-29T13:38:52","date_gmt":"2019-08-29T13:38:52","guid":{"rendered":"https:\/\/www.opus-optimus.hr\/?page_id=3"},"modified":"2023-10-12T16:59:40","modified_gmt":"2023-10-12T16:59:40","slug":"politika-privatnosti","status":"publish","type":"page","link":"http:\/\/www.opus-optimus.hr\/en\/politika-privatnosti\/","title":{"rendered":"Izjava o za\u0161titi osobnih podataka"},"content":{"rendered":"<h2 class=\"wp-block-heading\">Informacije o obradi osobnih podataka kandidata (Ispitanika) koji se prijavljuje na Natje\u010daj za zapo\u0161ljavanje u OPUS OPTIMUS d.o.o.<\/h2>\n\n\n\n<p>Sukladno odredbi \u010dl. 13. Uredbe (EU) 2016\/679 Europskog parlamenta i Vije\u0107a Europe od 27. travnja 2016. o za\u0161titi pojedinaca u vezi s obradom osobnih podataka i o slobodnom kretanju takvih podataka te o stavljanju izvan snage Direktive 95\/46\/EZ (Op\u0107a uredba o za\u0161titi podataka, dalje u tekstu: Uredba) ovom Informacijom pru\u017eamo obavijest o obradi i sigurnosti osobnih podataka kandidata, pravima kandidata i kako se ta prava ostvaruju.<\/p>\n\n\n\n<h3 class=\"wp-block-heading\"><strong>Podaci o voditelju obrade osobnih podataka<\/strong><\/h3>\n\n\n\n<p>OPUS OPTIMUS Ltd<br>Rapska 33,<br>10000 Zagreb,<br>Tel: 01 6445 657<br>Email: info@opus-optimus.hr<\/p>\n\n\n\n<h3 class=\"wp-block-heading\">Kategorije osobnih podataka koji se obra\u0111uju<\/h3>\n\n\n\n<p>Osobne podatke prikupljamo samo izravno od kandidata kada se prijavi na Natje\u010daj za zapo\u0161ljavanje putem otvorene molbe za zapo\u0161ljavanje i\/ili molbe za zapo\u0161ljavanje na otvoreni natje\u010daj bilo osobno i\/ili putem slu\u017ebene web stranice Dru\u0161tva i\/ili po\u0161tanskom po\u0161iljkom i\/ili putem e-mail-a.<\/p>\n\n\n\n<p>To uklju\u010duje sljede\u0107e podatke:<\/p>\n\n\n\n<ul><li>Ime i prezime, kontakt podaci (telefon, e-mail, mobitel), adresa boravi\u0161ta (ulica, grad, po\u0161tanski broj)<\/li><li>podaci navedeni u \u017eivotopisu (npr. prethodna zanimanja, podaci o \u0161kolovanju i stru\u010dnoj spremi, vje\u0161tine i osobni interesi, strani jezici, voza\u010dka dozvola, ostale aktivnosti)<\/li><li>radno iskustvo (radno mjesto, trajanje radnog odnosa i naziv poslodavca)<\/li><li>podaci o trenutnom radnom statusu, otkaznom roku i najranijem mogu\u0107em po\u010detku rada<\/li><\/ul>\n\n\n\n<p>Ako je propisano posebnim zakonom Voditelj obrade obra\u0111uje podatke o neka\u017enjavanju iz kaznene i\/ili prekr\u0161ajne evidencije. Navedene podatke Voditelj obrade prikuplja izravno od kandidata. U tu svrhu Voditelj obrade mo\u017ee tra\u017eiti od kandidata dostavu odgovaraju\u0107e isprave (npr. potvrda o neka\u017enjavanju, potvrda da se protiv kandidate ne vodi prekr\u0161ajni postupak).<\/p>\n\n\n\n<h3 class=\"wp-block-heading\">Svrha obrade i pravna osnova obrade<\/h3>\n\n\n\n<p>Osobni podaci prikupljaju se i obra\u0111uju isklju\u010divo u svrhu provedbe selekcijskog postupka kandidata koji se prijavio na Natje\u010daj za zapo\u0161ljavanje radi namjere sklapanja ugovora o rad, \u0161to uklju\u010duje:<\/p>\n\n\n\n<ul><li>utvr\u0111ivanje kvalifikacija za zapo\u0161ljavanje i dono\u0161enje odluke o zapo\u0161ljavanju<\/li><li> o evaluacije kandidata za eventualna druga slobodna radna mjesta<\/li><li> o provo\u0111enje referentnih provjera i\/ili provo\u0111enje pozadinskih provjera (gdje je primjenjivo)<\/li><li> o obavje\u0161tavanje kandidata putem telefona, e-mail-a, SMS-a ili na drugi na\u010din o tijeku procesa za zapo\u0161ljavanje<\/li><\/ul>\n\n\n\n<p>Selekcijski postupak kandidata mo\u017ee uklju\u010divati razgovore, testiranja (op\u0107e znanje, poznavanje regulative iz odre\u0111enog podru\u010dja, stru\u010dno znanje, informati\u010dko znanje, psihologijsko testiranje i sl.).<\/p>\n\n\n\n<p>Podaci koji se tra\u017ee u prijavi te mogu\u0107i prikupljeni podaci prilikom obavljanja razgovora, testiranja s kandidatom, koriste se samo za potrebe provedbe selekcijskog postupka. Kandidat nije u obvezi dati tra\u017eene podatke, pristupiti razgovoru, testiranju, ali to mo\u017ee utjecati na rezultat selekcijskog postupka kandidata.<\/p>\n\n\n\n<p>U slu\u010daju da se s odabranim kandidatom namjerava sklopiti Ugovor o radu, voditelj obrade du\u017ean je prikupiti i odre\u0111ene druge podatke od kandidata za koje postoji pravna obveza prikupljanja, o \u010demu \u0107e se pru\u017eiti posebna informacija.<\/p>\n\n\n\n<p>Osobne podatke Ispitanika obra\u0111ujemo zakonito, po\u0161teno i transparentno, u posebne, izri\u010dite i zakonite svrhe, vode\u0107i brigu o obradi onih podataka koji su nu\u017eni u odnosu na svrhu obrade, to\u010dnosti tih podataka i njihovom razdoblju pohrane. Te podatke obra\u0111ujemo na na\u010din kojim se osigurava odgovaraju\u0107a sigurnost osobnih podataka, uklju\u010duju\u0107i za\u0161titu od neovla\u0161tene ili nezakonite obrade te od slu\u010dajnog gubitka, uni\u0161tenja ili o\u0161te\u0107enja primjenom odgovaraju\u0107ih tehni\u010dkih ili organizacijskih mjera.<\/p>\n\n\n\n<p>Voditelj obrade poduzima odgovaraju\u0107e tehni\u010dke i organizacijske mjere kako bi osigurao odgovaraju\u0107u razinu sigurnosti osobnih podataka Ispitanika, uzimaju\u0107i u obzir prirodu, opseg, kontekst i svrhe obrade, kao i rizik razli\u010ditih razina vjerojatnosti i ozbiljnosti za prava i slobode pojedinaca.<\/p>\n\n\n\n<p>Pravni temelj za obradu osobnih podataka:<\/p>\n\n\n\n<ul><li>kako bi Dru\u0161tvo poduzelo radnje na zahtjev Ispitanika prije sklapanja ugovora (\u010dlanak 6. stavak 1. to\u010dka b) Uredbe<\/li><li> na temelju privole Ispitanika koji \u0161alju otvorenu zamolbu za posao (\u010dlanak 6. stavak 1. to\u010dka a) Uredbe. <\/li><li>Na temelju privole Dru\u0161tvo pohranjuje podatke o ispitanicima u svrhu kontaktiranja radi potencijalnih budu\u0107ih radnih mjesta.<\/li><\/ul>\n\n\n\n<p>Kandidat mo\u017ee privolu u svakom trenutku povu\u0107i \/opozvati. Povla\u010denje privole ne utje\u010de na zakonitost obrade na temelju privole koja je provedena prije njezinog povla\u010denja. <\/p>\n\n\n\n<p>Privola se mo\u017ee povu\u0107i na jednak na\u010din kao \u0161to je i dana.<\/p>\n\n\n\n<h3 class=\"wp-block-heading\">Prava Ispitanika (kandidata)<\/h3>\n\n\n\n<p>Ispitanik ima pravo zatra\u017eiti od voditelja obrade ostvarivanje prava na: pristup, ispravak, brisanje, prenosivost, ograni\u010denje, prigovor, osporavanje odluke koja se temelji isklju\u010divo na automatiziranoj obradi (uklju\u010duju\u0107i izradu profila) osobnih podataka koji se odnose na Ispitanika.<br><\/p>\n\n\n\n<p>Ispitanik ostvaruje svoja prava podno\u0161enjem zahtjeva ili prigovora: pisanim putem ili osobnom dostavom istih na adresu OPUS OPTIMUS d.o.o, Rapska 33, 10000 Zagreb, s naznakom na omotnici \u201cOsobni podaci\u201c ili elektroni\u010dkim putem na e-mail adresu: email: info@opus-optimus.hr<\/p>\n\n\n\n<p>Zahtjev odnosno prigovor treba sadr\u017eati to\u010dne osobne podatke podnositelja te potpune, jasne i to\u010dne razloge za ostvarivanja prava Ispitanika. Kada je to nu\u017eno radi utvr\u0111ivanja istovjetnosti Ispitanika, voditelj obrade mo\u017ee, prije<br>obrade predmeta, zatra\u017eiti od Ispitanika podatke i dokaze o njegovom identitetu, kao i dopunu obrazlo\u017eenja kada je to u interesu utvr\u0111ivanja \u010dinjenica va\u017enih za rje\u0161avanje zahtjeva odnosno prigovora.<\/p>\n\n\n\n<p>Kada Ispitanik dostavlja Voditelju obrade osobnu ispravu (osobna iskaznica, putovnica ili voza\u010dka dozvola) ili presliku takve isprave kao dokaz o identitetu, takav dokaz treba imati vidljive podatke o imenu i prezimenu, osobnom identifikacijskom broju (OIB-u) ili za strane dr\u017eavljane nacionalni ID, prebivali\u0161tu (ulica i broj te mjesto), broj isprave i datum va\u017eenja isprave, dok svi ostali podaci na toj ispravi mogu biti odgovaraju\u0107e za\u0161ti\u0107eni odnosno u\u010dinjeni nevidljivima (zatamnjivanjem i sl.). Obrada podataka s osobne isprave strogo je ograni\u010dena od strane voditelja obrade i koristit \u0107e se samo u svrhu potvrde identiteta i za\u0161tite podataka Ispitanika radi sprje\u010davanja prijevara (npr. la\u017eni identitet, zlouporaba osobnih podataka i sl.) te se isti podaci ne\u0107e pohranjivati du\u017ee nego \u0161to je potrebno za tu svrhu.<\/p>\n\n\n\n<p> U slu\u010daju nemogu\u0107nosti utvr\u0111ivanja identiteta Ispitanika, voditelj obrade ima pravo odbiti postupiti po zahtjevu ili prigovoru kao i u slu\u010daju kada su isti o\u010dito neutemeljeni ili pretjerani, osobito zbog njihove u\u010destalosti.<\/p>\n\n\n\n<p>Voditelj obrade odgovorit \u0107e Ispitaniku u roku od mjesec dana od dana zaprimanja valjanog zahtjeva ili prigovora uz napomenu kako se taj rok mo\u017ee, prema potrebi, produljiti za dodatna dva mjeseca, uzimaju\u0107i u obzir slo\u017eenost i broj istih. Voditelj obrade obavijestit \u0107e Ispitanika o svakom takvom produljenju u roku od mjesec dana od dana zaprimanja valjanog zahtjeva ili prigovora, zajedno s razlozima odga\u0111anja davanja odgovora.<\/p>\n\n\n\n<p>Ispitanik, ako smatra da mu je povrije\u0111eno neko zajam\u010deno pravo iz Uredbe i Zakona ima pravo podnijeti pritu\u017ebu, odnosno zahtjev za utvr\u0111ivanje povrede prava, nadzornom tijelu, Agencija za za\u0161titu osobnih podataka (AZOP), Selska cesta 136, 10000 Zagreb, e-mail: azop@azop.hr<\/p>\n\n\n\n<p>Predla\u017ee se Ispitaniku prije podno\u0161enja zahtjeva za utvr\u0111ivanje povrede prava AZOP-u, kontaktirati Voditelja obrade podataka radi razja\u0161njenja spornih pitanja.<\/p>\n\n\n\n<h3 class=\"wp-block-heading\">Primatelji osobnih podataka Ispitanika (kandidata)<\/h3>\n\n\n\n<p>Osobni podaci Ispitanika s kojim se namjerava sklopiti Ugovor o radu dostavljaju se obrazovnoj ustanovi u kojoj je Ispitanik stekao zvanje radi provjere to\u010dnosti podataka.<\/p>\n\n\n\n<p>Neovisno o navedenim primateljima, osobni podaci mogu se dati pravnim i fizi\u010dkim osobama koje temeljem ugovora o pru\u017eanju\/obavljanju usluge s voditeljem obrade, isklju\u010divo u ime i prema uputama voditelja obrade u svojstvu izvr\u0161itelja obrade (npr. pru\u017eatelji informati\u010dkih usluga) mogu obra\u0111ivati osobne podatke, sukladno propisima koji ure\u0111uju podru\u010dje za\u0161tite osobnih podataka.<\/p>\n\n\n\n<h3 class=\"wp-block-heading\">Privola za obradu osobnih podataka<\/h3>\n\n\n\n<p>Sla\u017eete se da u skladu s odredbama Op\u0107e uredbe o za\u0161titi osobnih podataka dajete privolu dru\u0161tvu OPUS OPTIMUS d.o.o., 69438308755, Rapska 33, 10000 Zagreb, za prikupljanje i obradu mojih osobnih podataka: ime i prezime, kontakt podaci (telefon, e-mail, mobitel), adresa boravi\u0161ta (ulica, grad, po\u0161tanski broj); prethodna zanimanja, podaci o \u0161kolovanju i stru\u010dnoj spremi, vje\u0161tine i osobni interesi, strani jezici, voza\u010dka dozvola, ostale aktivnosti i trenutno radno mjesto (sadr\u017eanih u formi pismenog \u017eivotopisa papirnato i\/ili elektroni\u010dki), u sljede\u0107u svrhu:<\/p>\n\n\n\n<ul><li>S ovom privolom sla\u017eete se za \u010duvanje podataka u internoj bazi potencijalnih kandidata za posao, radi obavje\u0161tavanja i kontaktiranja Ispitanika o otvorenom natje\u010daju za zapo\u0161ljavanje.<\/li><li>Privole koje ste nam dali mo\u017eete povu\u0107i u svakom trenutku s napomenom da to ne utje\u010de na zakonitost obrade podataka prije povla\u010denja suglasnosti s Va\u0161e strane.<\/li><\/ul>\n\n\n\n<p>Prikupljeni osobni podaci se ne\u0107e koristiti u druge svrhe osim navedenih u ovoj privoli, te se ne\u0107e prenositi tre\u0107im stranama bez obavijesti i pristanka Ispitanika.<\/p>\n\n\n\n<p>Ova privola se pohranjuje kod Uprave dru\u0161tva na adresi: Rapska 33, Zagreb, na rok od 2 (dvije) godine dana. NAPOMENA: Privola se odnosi samo na navedene svrhe obrade i navedene kategorije osobnih podataka te se obrada osobnih podataka ne smije koristiti u druge svrhe. Obrada navedenih kategorija osobnih podataka provoditi \u0107e se sukladno Op\u0107oj uredbi o za\u0161titi podataka i Zakonu o provedbi Op\u0107e uredbe o za\u0161titi podataka. Ako pojedinac \u017eeli povu\u0107i privolu, to mo\u017ee u\u010diniti pisanim putem ili osobno na adresu: Rapska 33, Zagreb ili putem e-po\u0161te na adresu: info@opus-optimus.hr<\/p>\n\n\n\n<p>Za detaljnije informacije o pravima i obavezama Ispitanika, uklju\u010duju\u0107i i pravila davanja, kori\u0161tenja i povla\u010denja privole mo\u017eete se informirati kod nadzornog tijela za za\u0161titu osobnih podataka RH: Agencija za za\u0161titu osobnih podataka (AZOP), Selska cesta 136, 10000 Zagreb, e-mail: azop@azop.hr<\/p>","protected":false},"excerpt":{"rendered":"<p>Informacije o obradi osobnih podataka kandidata (Ispitanika) koji se prijavljuje na Natje\u010daj za zapo\u0161ljavanje u OPUS OPTIMUS d.o.o. Sukladno odredbi \u010dl. 13. Uredbe (EU) 2016\/679 Europskog parlamenta i Vije\u0107a Europe od 27. travnja 2016. o za\u0161titi pojedinaca u vezi s obradom osobnih podataka i o slobodnom kretanju takvih podataka te o stavljanju izvan snage Direktive [&hellip;]<\/p>","protected":false},"author":1,"featured_media":0,"parent":0,"menu_order":0,"comment_status":"closed","ping_status":"open","template":"","meta":{"footnotes":""},"acf":[],"yoast_head":"<!-- This site is optimized with the Yoast SEO plugin v21.3 - https:\/\/yoast.com\/wordpress\/plugins\/seo\/ -->\n<title>Izjava o za\u0161titi osobnih podataka - Opus Optimus<\/title>\n<meta name=\"robots\" content=\"index, follow, max-snippet:-1, max-image-preview:large, max-video-preview:-1\" \/>\n<link rel=\"canonical\" href=\"https:\/\/www.opus-optimus.hr\/politika-privatnosti\/\" \/>\n<meta property=\"og:locale\" content=\"en_US\" \/>\n<meta property=\"og:type\" content=\"article\" \/>\n<meta property=\"og:title\" content=\"Izjava o za\u0161titi osobnih podataka - Opus Optimus\" \/>\n<meta property=\"og:description\" content=\"Informacije o obradi osobnih podataka kandidata (Ispitanika) koji se prijavljuje na Natje\u010daj za zapo\u0161ljavanje u OPUS OPTIMUS d.o.o. Sukladno odredbi \u010dl. 13. Uredbe (EU) 2016\/679 Europskog parlamenta i Vije\u0107a Europe od 27. travnja 2016. o za\u0161titi pojedinaca u vezi s obradom osobnih podataka i o slobodnom kretanju takvih podataka te o stavljanju izvan snage Direktive [&hellip;]\" \/>\n<meta property=\"og:url\" content=\"https:\/\/www.opus-optimus.hr\/politika-privatnosti\/\" \/>\n<meta property=\"og:site_name\" content=\"Opus Optimus\" \/>\n<meta property=\"article:modified_time\" content=\"2023-10-12T16:59:40+00:00\" \/>\n<meta name=\"twitter:card\" content=\"summary_large_image\" \/>\n<meta name=\"twitter:label1\" content=\"Est. reading time\" \/>\n\t<meta name=\"twitter:data1\" content=\"8 minutes\" \/>\n<script type=\"application\/ld+json\" class=\"yoast-schema-graph\">{\"@context\":\"https:\/\/schema.org\",\"@graph\":[{\"@type\":\"WebPage\",\"@id\":\"https:\/\/www.opus-optimus.hr\/politika-privatnosti\/\",\"url\":\"https:\/\/www.opus-optimus.hr\/politika-privatnosti\/\",\"name\":\"Izjava o za\u0161titi osobnih podataka - Opus Optimus\",\"isPartOf\":{\"@id\":\"https:\/\/www.opus-optimus.hr\/#website\"},\"datePublished\":\"2019-08-29T13:38:52+00:00\",\"dateModified\":\"2023-10-12T16:59:40+00:00\",\"breadcrumb\":{\"@id\":\"https:\/\/www.opus-optimus.hr\/politika-privatnosti\/#breadcrumb\"},\"inLanguage\":\"en-US\",\"potentialAction\":[{\"@type\":\"ReadAction\",\"target\":[\"https:\/\/www.opus-optimus.hr\/politika-privatnosti\/\"]}]},{\"@type\":\"BreadcrumbList\",\"@id\":\"https:\/\/www.opus-optimus.hr\/politika-privatnosti\/#breadcrumb\",\"itemListElement\":[{\"@type\":\"ListItem\",\"position\":1,\"name\":\"Home\",\"item\":\"https:\/\/www.opus-optimus.hr\/\"},{\"@type\":\"ListItem\",\"position\":2,\"name\":\"Izjava o za\u0161titi osobnih podataka\"}]},{\"@type\":\"WebSite\",\"@id\":\"https:\/\/www.opus-optimus.hr\/#website\",\"url\":\"https:\/\/www.opus-optimus.hr\/\",\"name\":\"Opus Optimus\",\"description\":\"Just another WordPress site\",\"publisher\":{\"@id\":\"https:\/\/www.opus-optimus.hr\/#organization\"},\"potentialAction\":[{\"@type\":\"SearchAction\",\"target\":{\"@type\":\"EntryPoint\",\"urlTemplate\":\"https:\/\/www.opus-optimus.hr\/?s={search_term_string}\"},\"query-input\":\"required name=search_term_string\"}],\"inLanguage\":\"en-US\"},{\"@type\":\"Organization\",\"@id\":\"https:\/\/www.opus-optimus.hr\/#organization\",\"name\":\"Opus Optimus\",\"url\":\"https:\/\/www.opus-optimus.hr\/\",\"logo\":{\"@type\":\"ImageObject\",\"inLanguage\":\"en-US\",\"@id\":\"https:\/\/www.opus-optimus.hr\/#\/schema\/logo\/image\/\",\"url\":\"https:\/\/www.opus-optimus.hr\/wp-content\/uploads\/2023\/10\/logo.png\",\"contentUrl\":\"https:\/\/www.opus-optimus.hr\/wp-content\/uploads\/2023\/10\/logo.png\",\"width\":395,\"height\":160,\"caption\":\"Opus Optimus\"},\"image\":{\"@id\":\"https:\/\/www.opus-optimus.hr\/#\/schema\/logo\/image\/\"},\"sameAs\":[\"https:\/\/www.linkedin.com\/company\/opus-optimus\"]}]}<\/script>\n<!-- \/ Yoast SEO plugin. -->","yoast_head_json":{"title":"Izjava o za\u0161titi osobnih podataka - Opus Optimus","robots":{"index":"index","follow":"follow","max-snippet":"max-snippet:-1","max-image-preview":"max-image-preview:large","max-video-preview":"max-video-preview:-1"},"canonical":"https:\/\/www.opus-optimus.hr\/politika-privatnosti\/","og_locale":"en_US","og_type":"article","og_title":"Izjava o za\u0161titi osobnih podataka - Opus Optimus","og_description":"Informacije o obradi osobnih podataka kandidata (Ispitanika) koji se prijavljuje na Natje\u010daj za zapo\u0161ljavanje u OPUS OPTIMUS d.o.o. Sukladno odredbi \u010dl. 13. Uredbe (EU) 2016\/679 Europskog parlamenta i Vije\u0107a Europe od 27. travnja 2016. o za\u0161titi pojedinaca u vezi s obradom osobnih podataka i o slobodnom kretanju takvih podataka te o stavljanju izvan snage Direktive [&hellip;]","og_url":"https:\/\/www.opus-optimus.hr\/politika-privatnosti\/","og_site_name":"Opus Optimus","article_modified_time":"2023-10-12T16:59:40+00:00","twitter_card":"summary_large_image","twitter_misc":{"Est. reading time":"8 minutes"},"schema":{"@context":"https:\/\/schema.org","@graph":[{"@type":"WebPage","@id":"https:\/\/www.opus-optimus.hr\/politika-privatnosti\/","url":"https:\/\/www.opus-optimus.hr\/politika-privatnosti\/","name":"Izjava o za\u0161titi osobnih podataka - Opus Optimus","isPartOf":{"@id":"https:\/\/www.opus-optimus.hr\/#website"},"datePublished":"2019-08-29T13:38:52+00:00","dateModified":"2023-10-12T16:59:40+00:00","breadcrumb":{"@id":"https:\/\/www.opus-optimus.hr\/politika-privatnosti\/#breadcrumb"},"inLanguage":"en-US","potentialAction":[{"@type":"ReadAction","target":["https:\/\/www.opus-optimus.hr\/politika-privatnosti\/"]}]},{"@type":"BreadcrumbList","@id":"https:\/\/www.opus-optimus.hr\/politika-privatnosti\/#breadcrumb","itemListElement":[{"@type":"ListItem","position":1,"name":"Home","item":"https:\/\/www.opus-optimus.hr\/"},{"@type":"ListItem","position":2,"name":"Izjava o za\u0161titi osobnih podataka"}]},{"@type":"WebSite","@id":"https:\/\/www.opus-optimus.hr\/#website","url":"https:\/\/www.opus-optimus.hr\/","name":"Opus Optimus","description":"Just another WordPress site","publisher":{"@id":"https:\/\/www.opus-optimus.hr\/#organization"},"potentialAction":[{"@type":"SearchAction","target":{"@type":"EntryPoint","urlTemplate":"https:\/\/www.opus-optimus.hr\/?s={search_term_string}"},"query-input":"required name=search_term_string"}],"inLanguage":"en-US"},{"@type":"Organization","@id":"https:\/\/www.opus-optimus.hr\/#organization","name":"Opus Optimus","url":"https:\/\/www.opus-optimus.hr\/","logo":{"@type":"ImageObject","inLanguage":"en-US","@id":"https:\/\/www.opus-optimus.hr\/#\/schema\/logo\/image\/","url":"https:\/\/www.opus-optimus.hr\/wp-content\/uploads\/2023\/10\/logo.png","contentUrl":"https:\/\/www.opus-optimus.hr\/wp-content\/uploads\/2023\/10\/logo.png","width":395,"height":160,"caption":"Opus Optimus"},"image":{"@id":"https:\/\/www.opus-optimus.hr\/#\/schema\/logo\/image\/"},"sameAs":["https:\/\/www.linkedin.com\/company\/opus-optimus"]}]}},"_links":{"self":[{"href":"http:\/\/www.opus-optimus.hr\/en\/wp-json\/wp\/v2\/pages\/3"}],"collection":[{"href":"http:\/\/www.opus-optimus.hr\/en\/wp-json\/wp\/v2\/pages"}],"about":[{"href":"http:\/\/www.opus-optimus.hr\/en\/wp-json\/wp\/v2\/types\/page"}],"author":[{"embeddable":true,"href":"http:\/\/www.opus-optimus.hr\/en\/wp-json\/wp\/v2\/users\/1"}],"replies":[{"embeddable":true,"href":"http:\/\/www.opus-optimus.hr\/en\/wp-json\/wp\/v2\/comments?post=3"}],"version-history":[{"count":3,"href":"http:\/\/www.opus-optimus.hr\/en\/wp-json\/wp\/v2\/pages\/3\/revisions"}],"predecessor-version":[{"id":99,"href":"http:\/\/www.opus-optimus.hr\/en\/wp-json\/wp\/v2\/pages\/3\/revisions\/99"}],"wp:attachment":[{"href":"http:\/\/www.opus-optimus.hr\/en\/wp-json\/wp\/v2\/media?parent=3"}],"curies":[{"name":"wp","href":"https:\/\/api.w.org\/{rel}","templated":true}]}}